{"id":60,"date":"2022-06-06T15:24:14","date_gmt":"2022-06-06T13:24:14","guid":{"rendered":"http:\/\/augredusoleil.com\/?page_id=60"},"modified":"2022-08-30T05:53:15","modified_gmt":"2022-08-30T03:53:15","slug":"liens","status":"publish","type":"page","link":"https:\/\/augredusoleil.com\/index.php\/liens\/","title":{"rendered":"LIENS"},"content":{"rendered":"\n<p><strong>LIENS<\/strong><\/p>\n\n\n\n<p><a rel=\"noreferrer noopener\" href=\"https:\/\/bikestories.be\/\" target=\"_blank\">Bike Stories<\/a> &#8211; Notre magasin de v\u00e9lo Santos.<\/p>\n\n\n\n<p><a rel=\"noreferrer noopener\" href=\"https:\/\/www.declic-eco.fr\/\" target=\"_blank\">Declic Eco<\/a> &#8211; Merci \u00e0 Guillaume qui a \u00e9lectrifi\u00e9 nos v\u00e9los.<\/p>\n\n\n\n<p><a rel=\"noreferrer noopener\" href=\"http:\/\/movingstore.be\/\" target=\"_blank\">Moving Store<\/a> &#8211; Toute l&rsquo;\u00e9quipe de Manu, dont la patience et la comp\u00e9tence nous sont permis d&rsquo;\u00e9viter les crises de nerfs.<\/p>\n\n\n\n<p><a data-type=\"URL\" data-id=\"https:\/\/www.thesuntrip.com\/\" href=\"https:\/\/www.thesuntrip.com\/\" target=\"_blank\" rel=\"noreferrer noopener\">The Sun Trip<\/a> &#8211; Formidable organisation qui nous a fait d\u00e9couvrir le monde du v\u00e9lo solaire et nous a permis de rencontrer de nombreuses personnes passionn\u00e9es et passionnantes.<\/p>\n\n\n\n<p><\/p>\n\n\n\n<p><strong>CONTACTS<\/strong><\/p>\n\n\n\n<p>bertrand@augredusoleil.com <\/p>\n\n\n\n<p>valerie@augredusoleil.com<\/p>\n\n\n\n<p><\/p>\n","protected":false},"excerpt":{"rendered":"<p>LIENS Bike Stories &#8211; Notre magasin de v\u00e9lo Santos. Declic Eco &#8211; Merci \u00e0 Guillaume qui a \u00e9lectrifi\u00e9 nos v\u00e9los. Moving Store &#8211; Toute l&rsquo;\u00e9quipe de Manu, dont la patience [&hellip;]<\/p>\n","protected":false},"author":1,"featured_media":0,"parent":0,"menu_order":0,"comment_status":"closed","ping_status":"closed","template":"","meta":{"footnotes":""},"class_list":["post-60","page","type-page","status-publish","hentry"],"yoast_head":"<!-- This site is optimized with the Yoast SEO plugin v23.6 - https:\/\/yoast.com\/wordpress\/plugins\/seo\/ -->\n<title>LIENS - Au gr\u00e9 du soleil<\/title>\n<meta name=\"robots\" content=\"index, follow, max-snippet:-1, max-image-preview:large, max-video-preview:-1\" \/>\n<link rel=\"canonical\" href=\"https:\/\/augredusoleil.com\/index.php\/liens\/\" \/>\n<meta property=\"og:locale\" content=\"fr_FR\" \/>\n<meta property=\"og:type\" content=\"article\" \/>\n<meta property=\"og:title\" content=\"LIENS - Au gr\u00e9 du soleil\" \/>\n<meta property=\"og:description\" content=\"LIENS Bike Stories &#8211; Notre magasin de v\u00e9lo Santos. Declic Eco &#8211; Merci \u00e0 Guillaume qui a \u00e9lectrifi\u00e9 nos v\u00e9los. Moving Store &#8211; Toute l&rsquo;\u00e9quipe de Manu, dont la patience [&hellip;]\" \/>\n<meta property=\"og:url\" content=\"https:\/\/augredusoleil.com\/index.php\/liens\/\" \/>\n<meta property=\"og:site_name\" content=\"Au gr\u00e9 du soleil\" \/>\n<meta property=\"article:modified_time\" content=\"2022-08-30T03:53:15+00:00\" \/>\n<meta name=\"twitter:card\" content=\"summary_large_image\" \/>\n<meta name=\"twitter:label1\" content=\"Dur\u00e9e de lecture estim\u00e9e\" \/>\n\t<meta name=\"twitter:data1\" content=\"1 minute\" \/>\n<script type=\"application\/ld+json\" class=\"yoast-schema-graph\">{\"@context\":\"https:\/\/schema.org\",\"@graph\":[{\"@type\":\"WebPage\",\"@id\":\"https:\/\/augredusoleil.com\/index.php\/liens\/\",\"url\":\"https:\/\/augredusoleil.com\/index.php\/liens\/\",\"name\":\"LIENS - Au gr\u00e9 du soleil\",\"isPartOf\":{\"@id\":\"https:\/\/augredusoleil.com\/#website\"},\"datePublished\":\"2022-06-06T13:24:14+00:00\",\"dateModified\":\"2022-08-30T03:53:15+00:00\",\"breadcrumb\":{\"@id\":\"https:\/\/augredusoleil.com\/index.php\/liens\/#breadcrumb\"},\"inLanguage\":\"fr-FR\",\"potentialAction\":[{\"@type\":\"ReadAction\",\"target\":[\"https:\/\/augredusoleil.com\/index.php\/liens\/\"]}]},{\"@type\":\"BreadcrumbList\",\"@id\":\"https:\/\/augredusoleil.com\/index.php\/liens\/#breadcrumb\",\"itemListElement\":[{\"@type\":\"ListItem\",\"position\":1,\"name\":\"Accueil\",\"item\":\"https:\/\/augredusoleil.com\/\"},{\"@type\":\"ListItem\",\"position\":2,\"name\":\"LIENS\"}]},{\"@type\":\"WebSite\",\"@id\":\"https:\/\/augredusoleil.com\/#website\",\"url\":\"https:\/\/augredusoleil.com\/\",\"name\":\"Au gr\u00e9 du soleil\",\"description\":\"\",\"publisher\":{\"@id\":\"https:\/\/augredusoleil.com\/#organization\"},\"potentialAction\":[{\"@type\":\"SearchAction\",\"target\":{\"@type\":\"EntryPoint\",\"urlTemplate\":\"https:\/\/augredusoleil.com\/?s={search_term_string}\"},\"query-input\":{\"@type\":\"PropertyValueSpecification\",\"valueRequired\":true,\"valueName\":\"search_term_string\"}}],\"inLanguage\":\"fr-FR\"},{\"@type\":\"Organization\",\"@id\":\"https:\/\/augredusoleil.com\/#organization\",\"name\":\"Au gr\u00e9 du soleil\",\"url\":\"https:\/\/augredusoleil.com\/\",\"logo\":{\"@type\":\"ImageObject\",\"inLanguage\":\"fr-FR\",\"@id\":\"https:\/\/augredusoleil.com\/#\/schema\/logo\/image\/\",\"url\":\"https:\/\/augredusoleil.com\/wp-content\/uploads\/2022\/07\/Capture-de\u0301cran-2022-07-31-a\u0300-15.59.58.png\",\"contentUrl\":\"https:\/\/augredusoleil.com\/wp-content\/uploads\/2022\/07\/Capture-de\u0301cran-2022-07-31-a\u0300-15.59.58.png\",\"width\":672,\"height\":672,\"caption\":\"Au gr\u00e9 du soleil\"},\"image\":{\"@id\":\"https:\/\/augredusoleil.com\/#\/schema\/logo\/image\/\"}}]}<\/script>\n<!-- \/ Yoast SEO plugin. -->","yoast_head_json":{"title":"LIENS - Au gr\u00e9 du soleil","robots":{"index":"index","follow":"follow","max-snippet":"max-snippet:-1","max-image-preview":"max-image-preview:large","max-video-preview":"max-video-preview:-1"},"canonical":"https:\/\/augredusoleil.com\/index.php\/liens\/","og_locale":"fr_FR","og_type":"article","og_title":"LIENS - Au gr\u00e9 du soleil","og_description":"LIENS Bike Stories &#8211; Notre magasin de v\u00e9lo Santos. Declic Eco &#8211; Merci \u00e0 Guillaume qui a \u00e9lectrifi\u00e9 nos v\u00e9los. Moving Store &#8211; Toute l&rsquo;\u00e9quipe de Manu, dont la patience [&hellip;]","og_url":"https:\/\/augredusoleil.com\/index.php\/liens\/","og_site_name":"Au gr\u00e9 du soleil","article_modified_time":"2022-08-30T03:53:15+00:00","twitter_card":"summary_large_image","twitter_misc":{"Dur\u00e9e de lecture estim\u00e9e":"1 minute"},"schema":{"@context":"https:\/\/schema.org","@graph":[{"@type":"WebPage","@id":"https:\/\/augredusoleil.com\/index.php\/liens\/","url":"https:\/\/augredusoleil.com\/index.php\/liens\/","name":"LIENS - Au gr\u00e9 du soleil","isPartOf":{"@id":"https:\/\/augredusoleil.com\/#website"},"datePublished":"2022-06-06T13:24:14+00:00","dateModified":"2022-08-30T03:53:15+00:00","breadcrumb":{"@id":"https:\/\/augredusoleil.com\/index.php\/liens\/#breadcrumb"},"inLanguage":"fr-FR","potentialAction":[{"@type":"ReadAction","target":["https:\/\/augredusoleil.com\/index.php\/liens\/"]}]},{"@type":"BreadcrumbList","@id":"https:\/\/augredusoleil.com\/index.php\/liens\/#breadcrumb","itemListElement":[{"@type":"ListItem","position":1,"name":"Accueil","item":"https:\/\/augredusoleil.com\/"},{"@type":"ListItem","position":2,"name":"LIENS"}]},{"@type":"WebSite","@id":"https:\/\/augredusoleil.com\/#website","url":"https:\/\/augredusoleil.com\/","name":"Au gr\u00e9 du soleil","description":"","publisher":{"@id":"https:\/\/augredusoleil.com\/#organization"},"potentialAction":[{"@type":"SearchAction","target":{"@type":"EntryPoint","urlTemplate":"https:\/\/augredusoleil.com\/?s={search_term_string}"},"query-input":{"@type":"PropertyValueSpecification","valueRequired":true,"valueName":"search_term_string"}}],"inLanguage":"fr-FR"},{"@type":"Organization","@id":"https:\/\/augredusoleil.com\/#organization","name":"Au gr\u00e9 du soleil","url":"https:\/\/augredusoleil.com\/","logo":{"@type":"ImageObject","inLanguage":"fr-FR","@id":"https:\/\/augredusoleil.com\/#\/schema\/logo\/image\/","url":"https:\/\/augredusoleil.com\/wp-content\/uploads\/2022\/07\/Capture-de\u0301cran-2022-07-31-a\u0300-15.59.58.png","contentUrl":"https:\/\/augredusoleil.com\/wp-content\/uploads\/2022\/07\/Capture-de\u0301cran-2022-07-31-a\u0300-15.59.58.png","width":672,"height":672,"caption":"Au gr\u00e9 du soleil"},"image":{"@id":"https:\/\/augredusoleil.com\/#\/schema\/logo\/image\/"}}]}},"_links":{"self":[{"href":"https:\/\/augredusoleil.com\/index.php\/wp-json\/wp\/v2\/pages\/60","targetHints":{"allow":["GET"]}}],"collection":[{"href":"https:\/\/augredusoleil.com\/index.php\/wp-json\/wp\/v2\/pages"}],"about":[{"href":"https:\/\/augredusoleil.com\/index.php\/wp-json\/wp\/v2\/types\/page"}],"author":[{"embeddable":true,"href":"https:\/\/augredusoleil.com\/index.php\/wp-json\/wp\/v2\/users\/1"}],"replies":[{"embeddable":true,"href":"https:\/\/augredusoleil.com\/index.php\/wp-json\/wp\/v2\/comments?post=60"}],"version-history":[{"count":13,"href":"https:\/\/augredusoleil.com\/index.php\/wp-json\/wp\/v2\/pages\/60\/revisions"}],"predecessor-version":[{"id":785,"href":"https:\/\/augredusoleil.com\/index.php\/wp-json\/wp\/v2\/pages\/60\/revisions\/785"}],"wp:attachment":[{"href":"https:\/\/augredusoleil.com\/index.php\/wp-json\/wp\/v2\/media?parent=60"}],"curies":[{"name":"wp","href":"https:\/\/api.w.org\/{rel}","templated":true}]}}