{"id":23,"date":"2022-06-06T12:00:57","date_gmt":"2022-06-06T10:00:57","guid":{"rendered":"http:\/\/augredusoleil.com\/?page_id=23"},"modified":"2022-08-08T19:45:36","modified_gmt":"2022-08-08T17:45:36","slug":"materiel","status":"publish","type":"page","link":"https:\/\/augredusoleil.com\/index.php\/a-propos\/materiel\/","title":{"rendered":"LES VELOS"},"content":{"rendered":"\n<div class=\"wp-block-columns is-layout-flex wp-container-core-columns-is-layout-9d6595d7 wp-block-columns-is-layout-flex\">\n<div class=\"wp-block-column is-layout-flow wp-block-column-is-layout-flow\" style=\"flex-basis:100%\">\n<p style=\"font-size:16px\">Notre compagnon de voyage \u00e0 v\u00e9lo a \u00e9t\u00e9, ces derni\u00e8res ann\u00e9es, un tandem Pino Hase.  V\u00e9lo que nous adorons car il nous permet de voyager au m\u00eame rythme et de partager ce que nous voyons.  Ce Pino fut d&rsquo;abord m\u00e9canique pendant plusieurs ann\u00e9es, nous l&rsquo;avons ensuite \u00e9lectrifi\u00e9, et finalement \u00e9quip\u00e9 d&rsquo;une remorque solaire pour \u00eatre plus autonomes.<\/p>\n<\/div>\n<\/div>\n\n\n\n<div class=\"wp-block-columns is-layout-flex wp-container-core-columns-is-layout-9d6595d7 wp-block-columns-is-layout-flex\">\n<div class=\"wp-block-column is-layout-flow wp-block-column-is-layout-flow\">\n<div class=\"wp-block-group\"><div class=\"wp-block-group__inner-container is-layout-flow wp-block-group-is-layout-flow\">\n<figure class=\"wp-block-image size-large\"><img loading=\"lazy\" decoding=\"async\" width=\"1024\" height=\"768\" data-src=\"http:\/\/augredusoleil.com\/wp-content\/uploads\/2022\/07\/IMG_5994-1-1024x768.jpeg\" alt=\"\" class=\"wp-image-196 lazyload\" data-srcset=\"https:\/\/augredusoleil.com\/wp-content\/uploads\/2022\/07\/IMG_5994-1-1024x768.jpeg 1024w, https:\/\/augredusoleil.com\/wp-content\/uploads\/2022\/07\/IMG_5994-1-300x225.jpeg 300w, https:\/\/augredusoleil.com\/wp-content\/uploads\/2022\/07\/IMG_5994-1-768x576.jpeg 768w, https:\/\/augredusoleil.com\/wp-content\/uploads\/2022\/07\/IMG_5994-1-1536x1152.jpeg 1536w, https:\/\/augredusoleil.com\/wp-content\/uploads\/2022\/07\/IMG_5994-1-2048x1536.jpeg 2048w\" data-sizes=\"auto, (max-width: 1024px) 100vw, 1024px\" src=\"data:image\/gif;base64,R0lGODlhAQABAAAAACH5BAEKAAEALAAAAAABAAEAAAICTAEAOw==\" style=\"--smush-placeholder-width: 1024px; --smush-placeholder-aspect-ratio: 1024\/768;\" \/><noscript><img loading=\"lazy\" decoding=\"async\" width=\"1024\" height=\"768\" src=\"http:\/\/augredusoleil.com\/wp-content\/uploads\/2022\/07\/IMG_5994-1-1024x768.jpeg\" alt=\"\" class=\"wp-image-196\" srcset=\"https:\/\/augredusoleil.com\/wp-content\/uploads\/2022\/07\/IMG_5994-1-1024x768.jpeg 1024w, https:\/\/augredusoleil.com\/wp-content\/uploads\/2022\/07\/IMG_5994-1-300x225.jpeg 300w, https:\/\/augredusoleil.com\/wp-content\/uploads\/2022\/07\/IMG_5994-1-768x576.jpeg 768w, https:\/\/augredusoleil.com\/wp-content\/uploads\/2022\/07\/IMG_5994-1-1536x1152.jpeg 1536w, https:\/\/augredusoleil.com\/wp-content\/uploads\/2022\/07\/IMG_5994-1-2048x1536.jpeg 2048w\" sizes=\"auto, (max-width: 1024px) 100vw, 1024px\" \/><\/noscript><figcaption>Notre Pino Hase lors du Suntrip Europe 2021<\/figcaption><\/figure>\n<\/div><\/div>\n<\/div>\n<\/div>\n\n\n\n<p style=\"font-size:16px\">Multiples raisons nous ont pouss\u00e9es \u00e0 opter pour deux v\u00e9los s\u00e9par\u00e9s pour ce grand voyage. Apr\u00e8s de nombreuses recherches pour trouver notre perle rare, le v\u00e9lo Santos Travelmaster 3+, \u00e9quip\u00e9 d&rsquo;une bo\u00eete de transmission Pinion (18 vitesses) a \u00e9t\u00e9 choisi pour sa robustesse et sa fiabilit\u00e9.<\/p>\n\n\n\n<p style=\"font-size:16px\">Gr\u00e2ce \u00e0 l&rsquo;aide de Guillaume Devot de Declic-Eco, les v\u00e9los ont \u00e9t\u00e9 \u00e9lectrifi\u00e9s par la pose d&rsquo;un moteur dans la roue avant.  Notre but est d&rsquo;\u00eatre le plus autonome possible et de ne pas \u00eatre en qu\u00eate permanente d&rsquo;une recharge \u00e9lectrique conventionnelle. Pour ce faire, les v\u00e9los sont \u00e9quip\u00e9s de panneaux solaires (2 x 115 Wc), pos\u00e9s sur une remorque, afin de pouvoir recharger nos batteries (1150W) tout en roulant. Nous avons eu la chance de trouver des remorques TZC en carbone qui avaient d\u00e9j\u00e0 v\u00e9cues de grandes aventures gr\u00e2ce \u00e0 Jean-Marc et Paul. <\/p>\n\n\n\n<div class=\"wp-block-group\"><div class=\"wp-block-group__inner-container is-layout-flow wp-block-group-is-layout-flow\"><style>#jtg-409 .modula-item .jtg-social a, .lightbox-socials.jtg-social a{ fill: #ffffff; color: #ffffff }#jtg-409 .modula-item .jtg-social-mobile a{ fill: #ffffff; color: #ffffff }#jtg-409 .modula-item .jtg-social svg, .lightbox-socials.jtg-social svg { height: 16px; width: 16px }#jtg-409 .modula-item .jtg-social-mobile svg { height: 16px; width: 16px }#jtg-409 .modula-item .jtg-social a:not(:last-child), .lightbox-socials.jtg-social a:not(:last-child) { margin-right: 10px }#jtg-409 .modula-item .jtg-social-mobile .jtg-social-mobile-icons a:not(:last-child){ margin-right: 10px }#jtg-409 .modula-item .figc {color:#ffffff;}#jtg-409 .modula-item .modula-item-content { transform: scale(1) }#jtg-409 { width:100%;}#jtg-409 .modula-items .figc p.description { font-size:14px; }#jtg-409 .modula-items .figc p.description { color:#ffffff;}#jtg-409.modula-gallery .modula-item > a, #jtg-409.modula-gallery .modula-item, #jtg-409.modula-gallery .modula-item-content > a:not(.modula-no-follow) { cursor:zoom-in; } #jtg-409.modula-gallery .modula-item-content .modula-no-follow { cursor: default; } @media screen and (max-width:480px){#jtg-409 .modula-item .figc .jtg-title {  font-size: 12px; }#jtg-409 .modula-items .figc p.description { color:#ffffff;font-size:10px; }}<\/style>\n<!-- Gallery Container -->\n<div  id=\"jtg-409\" class=\"modula modula-gallery modula-columns\" data-config=\"{&quot;tabletHeight&quot;:800,&quot;mobileHeight&quot;:800,&quot;desktopHeight&quot;:800,&quot;enableTwitter&quot;:false,&quot;enableWhatsapp&quot;:false,&quot;enableFacebook&quot;:false,&quot;enablePinterest&quot;:false,&quot;enableLinkedin&quot;:false,&quot;enableEmail&quot;:false,&quot;randomFactor&quot;:0.47,&quot;type&quot;:&quot;grid&quot;,&quot;columns&quot;:12,&quot;gutter&quot;:10,&quot;mobileGutter&quot;:10,&quot;tabletGutter&quot;:10,&quot;desktopGutter&quot;:10,&quot;enableResponsive&quot;:&quot;0&quot;,&quot;tabletColumns&quot;:&quot;2&quot;,&quot;mobileColumns&quot;:&quot;1&quot;,&quot;lazyLoad&quot;:&quot;1&quot;,&quot;lightboxOpts&quot;:{&quot;animated&quot;:true,&quot;Thumbs&quot;:{&quot;type&quot;:&quot;modern&quot;,&quot;showOnStart&quot;:false},&quot;Toolbar&quot;:{&quot;display&quot;:{&quot;right&quot;:[&quot;close&quot;]},&quot;enabled&quot;:true},&quot;Carousel&quot;:{&quot;Panzoom&quot;:{&quot;touch&quot;:false},&quot;infinite&quot;:false},&quot;keyboard&quot;:{&quot;Escape&quot;:&quot;close&quot;,&quot;Delete&quot;:&quot;close&quot;,&quot;Backspace&quot;:&quot;close&quot;,&quot;PageUp&quot;:false,&quot;PageDown&quot;:false,&quot;ArrowUp&quot;:false,&quot;ArrowDown&quot;:false,&quot;ArrowRight&quot;:false,&quot;ArrowLeft&quot;:false},&quot;touch&quot;:false,&quot;backdropClick&quot;:false,&quot;l10n&quot;:{&quot;CLOSE&quot;:&quot;Close&quot;,&quot;NEXT&quot;:&quot;Next&quot;,&quot;PREV&quot;:&quot;Previous&quot;,&quot;Error&quot;:&quot;The requested content cannot be loaded. Please try again later.&quot;,&quot;PLAY_START&quot;:&quot;Start slideshow&quot;,&quot;PLAY_STOP&quot;:&quot;Pause slideshow&quot;,&quot;FULL_SCREEN&quot;:&quot;Full screen&quot;,&quot;THUMBS&quot;:&quot;Thumbnails&quot;,&quot;DOWNLOAD&quot;:&quot;Download&quot;,&quot;SHARE&quot;:&quot;Share&quot;,&quot;ZOOM&quot;:&quot;Zoom&quot;,&quot;EMAIL&quot;:&quot;Here is the link to the image : %%image_link%% and this is the link to the gallery : %%gallery_link%%&quot;,&quot;MODAL&quot;:&quot;You can close this modal content with the ESC key&quot;,&quot;ERROR&quot;:&quot;Something Went Wrong, Please Try Again Later&quot;,&quot;IMAGE_ERROR&quot;:&quot;Image Not Found&quot;,&quot;ELEMENT_NOT_FOUND&quot;:&quot;HTML Element Not Found&quot;,&quot;AJAX_NOT_FOUND&quot;:&quot;Error Loading AJAX : Not Found&quot;,&quot;AJAX_FORBIDDEN&quot;:&quot;Error Loading AJAX : Forbidden&quot;,&quot;IFRAME_ERROR&quot;:&quot;Error Loading Page&quot;,&quot;TOGGLE_ZOOM&quot;:&quot;Toggle zoom level&quot;,&quot;TOGGLE_THUMBS&quot;:&quot;Toggle thumbnails&quot;,&quot;TOGGLE_SLIDESHOW&quot;:&quot;Toggle slideshow&quot;,&quot;TOGGLE_FULLSCREEN&quot;:&quot;Toggle full-screen mode&quot;},&quot;Images&quot;:{&quot;Panzoom&quot;:{&quot;maxScale&quot;:2}},&quot;mainClass&quot;:&quot;modula-fancybox-container modula-lightbox-jtg-409&quot;,&quot;Html&quot;:{&quot;videoAutoplay&quot;:0,&quot;videoTpl&quot;:&quot;&lt;video class=\\&quot;fancybox__html5video\\&quot; controls muted playsinline controlsList controlsList=\\&quot;nodownload\\&quot; poster=\\&quot;{{poster}}\\&quot; src=\\&quot;{{src}}\\&quot; type=\\&quot;{{format}}\\&quot; &gt;  Sorry, your browser doesn&#039;t support embedded videos, &lt;a href=\\&quot;{{src}}\\&quot;&gt; download &lt;\\\/a&gt; and watch with your favorite video player! &lt;\\\/video&gt;&quot;}},&quot;inView&quot;:false,&quot;email_subject&quot;:&quot;Check out this awesome image !!&quot;,&quot;email_message&quot;:&quot;Here is the link to the image : %%image_link%% and this is the link to the gallery : %%gallery_link%%&quot;,&quot;grid_type&quot;:&quot;automatic&quot;,&quot;rowHeight&quot;:250,&quot;lastRow&quot;:&quot;justify&quot;,&quot;lightbox&quot;:&quot;fancybox&quot;}\">\n\n\t\n\t<!-- Items Container -->\n\t<div  class=\"modula-items grid-gallery\">\n\t\t<div class=\"modula-item effect-pufrobo\" >\n\t<div class=\"modula-item-overlay\"><\/div>\n\n\t<div class=\"modula-item-content\">\n\n\t\t\t\t\n\t\t\t\t\t<a data-image-id=\"259\" tabindex=\"0\" rel=\"jtg-409\" data-caption=\"\" aria-label=\"Open image in lightbox\" role=\"button\" class=\"tile-inner modula-item-link\"><\/a>\n\t\t\n\t\t<img class=\"pic wp-image-259 lazyload\"  data-valign=\"middle\" data-halign=\"center\" alt=\"\" data-full=\"https:\/\/augredusoleil.com\/wp-content\/uploads\/2022\/07\/IMG_7190.jpeg\" title=\"\" width=\"640\" height=\"480\" data-src=\"https:\/\/augredusoleil.com\/wp-content\/uploads\/2022\/07\/IMG_7190-1024x768.jpeg\" data-caption=\"\" data-source=\"modula\" data-srcset=\"https:\/\/augredusoleil.com\/wp-content\/uploads\/2022\/07\/IMG_7190-scaled.jpeg 2560w, https:\/\/augredusoleil.com\/wp-content\/uploads\/2022\/07\/IMG_7190-300x225.jpeg 300w, https:\/\/augredusoleil.com\/wp-content\/uploads\/2022\/07\/IMG_7190-1024x768.jpeg 1024w, https:\/\/augredusoleil.com\/wp-content\/uploads\/2022\/07\/IMG_7190-768x576.jpeg 768w, https:\/\/augredusoleil.com\/wp-content\/uploads\/2022\/07\/IMG_7190-1536x1152.jpeg 1536w, https:\/\/augredusoleil.com\/wp-content\/uploads\/2022\/07\/IMG_7190-2048x1536.jpeg 2048w, https:\/\/augredusoleil.com\/wp-content\/uploads\/2022\/07\/IMG_7190-scaled-640x480.jpeg 640w\" data-sizes=\"(max-width: 640px) 100vw, 640px\" \/>\n\t\t<div class=\"figc no-description\">\n\t\t\t<div class=\"figc-inner\">\n\t\t\t\t\t\t\t\t\t\t\t\t\t\t\t<\/div>\n\t\t<\/div>\n\n\t<\/div>\n\n<\/div><div class=\"modula-item effect-pufrobo\" >\n\t<div class=\"modula-item-overlay\"><\/div>\n\n\t<div class=\"modula-item-content\">\n\n\t\t\t\t\n\t\t\t\t\t<a data-image-id=\"258\" tabindex=\"0\" rel=\"jtg-409\" data-caption=\"\" aria-label=\"Open image in lightbox\" role=\"button\" class=\"tile-inner modula-item-link\"><\/a>\n\t\t\n\t\t<img class=\"pic wp-image-258 lazyload\"  data-valign=\"middle\" data-halign=\"center\" alt=\"\" data-full=\"https:\/\/augredusoleil.com\/wp-content\/uploads\/2022\/07\/IMG_7189.jpeg\" title=\"IMG_7189\" width=\"640\" height=\"480\" data-src=\"https:\/\/augredusoleil.com\/wp-content\/uploads\/2022\/07\/IMG_7189-1024x768.jpeg\" data-caption=\"\" data-source=\"modula\" data-srcset=\"https:\/\/augredusoleil.com\/wp-content\/uploads\/2022\/07\/IMG_7189-scaled.jpeg 2560w, https:\/\/augredusoleil.com\/wp-content\/uploads\/2022\/07\/IMG_7189-300x225.jpeg 300w, https:\/\/augredusoleil.com\/wp-content\/uploads\/2022\/07\/IMG_7189-1024x768.jpeg 1024w, https:\/\/augredusoleil.com\/wp-content\/uploads\/2022\/07\/IMG_7189-768x576.jpeg 768w, https:\/\/augredusoleil.com\/wp-content\/uploads\/2022\/07\/IMG_7189-1536x1152.jpeg 1536w, https:\/\/augredusoleil.com\/wp-content\/uploads\/2022\/07\/IMG_7189-2048x1536.jpeg 2048w, https:\/\/augredusoleil.com\/wp-content\/uploads\/2022\/07\/IMG_7189-scaled-640x480.jpeg 640w\" data-sizes=\"(max-width: 640px) 100vw, 640px\" \/>\n\t\t<div class=\"figc no-description\">\n\t\t\t<div class=\"figc-inner\">\n\t\t\t\t\t\t\t\t\t\t\t\t\t\t\t<\/div>\n\t\t<\/div>\n\n\t<\/div>\n\n<\/div><div class=\"modula-item effect-pufrobo\" >\n\t<div class=\"modula-item-overlay\"><\/div>\n\n\t<div class=\"modula-item-content\">\n\n\t\t\t\t\n\t\t\t\t\t<a data-image-id=\"286\" tabindex=\"0\" rel=\"jtg-409\" data-caption=\"\" aria-label=\"Open image in lightbox\" role=\"button\" class=\"tile-inner modula-item-link\"><\/a>\n\t\t\n\t\t<img class=\"pic wp-image-286 lazyload\"  data-valign=\"middle\" data-halign=\"center\" alt=\"\" data-full=\"https:\/\/augredusoleil.com\/wp-content\/uploads\/2022\/07\/IMG_7569.jpeg\" title=\"IMG_7569\" width=\"640\" height=\"360\" data-src=\"https:\/\/augredusoleil.com\/wp-content\/uploads\/2022\/07\/IMG_7569-1024x576.jpeg\" data-caption=\"\" data-source=\"modula\" data-srcset=\"https:\/\/augredusoleil.com\/wp-content\/uploads\/2022\/07\/IMG_7569-scaled.jpeg 2560w, https:\/\/augredusoleil.com\/wp-content\/uploads\/2022\/07\/IMG_7569-300x169.jpeg 300w, https:\/\/augredusoleil.com\/wp-content\/uploads\/2022\/07\/IMG_7569-1024x576.jpeg 1024w, https:\/\/augredusoleil.com\/wp-content\/uploads\/2022\/07\/IMG_7569-768x432.jpeg 768w, https:\/\/augredusoleil.com\/wp-content\/uploads\/2022\/07\/IMG_7569-1536x864.jpeg 1536w, https:\/\/augredusoleil.com\/wp-content\/uploads\/2022\/07\/IMG_7569-2048x1152.jpeg 2048w, https:\/\/augredusoleil.com\/wp-content\/uploads\/2022\/07\/IMG_7569-scaled-640x360.jpeg 640w\" data-sizes=\"(max-width: 640px) 100vw, 640px\" \/>\n\t\t<div class=\"figc no-description\">\n\t\t\t<div class=\"figc-inner\">\n\t\t\t\t\t\t\t\t\t\t\t\t\t\t\t<\/div>\n\t\t<\/div>\n\n\t<\/div>\n\n<\/div>\t\t\n\t<\/div>\n\n\t\n\t\n\t<script type=\"application\/ld+json\">\n\t{\n\t\t\"@context\": \"http:\/\/schema.org\",\n\t\t\"@type\"   : \"ImageGallery\",\n\t\t\"id\"      : \"https:\/\/augredusoleil.com\/index.php\/a-propos\/materiel\/\",\n\t\t\"url\"     : \"https:\/\/augredusoleil.com\/index.php\/a-propos\/materiel\/\"\n\t}\n\n\t<\/script>\n\n\t\n<\/div>\n<\/div><\/div>\n\n\n\n<p style=\"font-size:16px\"><\/p>\n","protected":false},"excerpt":{"rendered":"<p>Notre compagnon de voyage \u00e0 v\u00e9lo a \u00e9t\u00e9, ces derni\u00e8res ann\u00e9es, un tandem Pino Hase. V\u00e9lo que nous adorons car il nous permet de voyager au m\u00eame rythme et de [&hellip;]<\/p>\n","protected":false},"author":1,"featured_media":0,"parent":532,"menu_order":2,"comment_status":"closed","ping_status":"closed","template":"","meta":{"footnotes":""},"class_list":["post-23","page","type-page","status-publish","hentry"],"yoast_head":"<!-- This site is optimized with the Yoast SEO plugin v23.6 - https:\/\/yoast.com\/wordpress\/plugins\/seo\/ -->\n<title>LES VELOS - Au gr\u00e9 du soleil<\/title>\n<meta name=\"robots\" content=\"index, follow, max-snippet:-1, max-image-preview:large, max-video-preview:-1\" \/>\n<link rel=\"canonical\" href=\"https:\/\/augredusoleil.com\/index.php\/a-propos\/materiel\/\" \/>\n<meta property=\"og:locale\" content=\"fr_FR\" \/>\n<meta property=\"og:type\" content=\"article\" \/>\n<meta property=\"og:title\" content=\"LES VELOS - Au gr\u00e9 du soleil\" \/>\n<meta property=\"og:description\" content=\"Notre compagnon de voyage \u00e0 v\u00e9lo a \u00e9t\u00e9, ces derni\u00e8res ann\u00e9es, un tandem Pino Hase. V\u00e9lo que nous adorons car il nous permet de voyager au m\u00eame rythme et de [&hellip;]\" \/>\n<meta property=\"og:url\" content=\"https:\/\/augredusoleil.com\/index.php\/a-propos\/materiel\/\" \/>\n<meta property=\"og:site_name\" content=\"Au gr\u00e9 du soleil\" \/>\n<meta property=\"article:modified_time\" content=\"2022-08-08T17:45:36+00:00\" \/>\n<meta property=\"og:image\" content=\"http:\/\/augredusoleil.com\/wp-content\/uploads\/2022\/07\/IMG_5994-1-1024x768.jpeg\" \/>\n<meta name=\"twitter:card\" content=\"summary_large_image\" \/>\n<meta name=\"twitter:label1\" content=\"Dur\u00e9e de lecture estim\u00e9e\" \/>\n\t<meta name=\"twitter:data1\" content=\"1 minute\" \/>\n<script type=\"application\/ld+json\" class=\"yoast-schema-graph\">{\"@context\":\"https:\/\/schema.org\",\"@graph\":[{\"@type\":\"WebPage\",\"@id\":\"https:\/\/augredusoleil.com\/index.php\/a-propos\/materiel\/\",\"url\":\"https:\/\/augredusoleil.com\/index.php\/a-propos\/materiel\/\",\"name\":\"LES VELOS - Au gr\u00e9 du soleil\",\"isPartOf\":{\"@id\":\"https:\/\/augredusoleil.com\/#website\"},\"primaryImageOfPage\":{\"@id\":\"https:\/\/augredusoleil.com\/index.php\/a-propos\/materiel\/#primaryimage\"},\"image\":{\"@id\":\"https:\/\/augredusoleil.com\/index.php\/a-propos\/materiel\/#primaryimage\"},\"thumbnailUrl\":\"http:\/\/augredusoleil.com\/wp-content\/uploads\/2022\/07\/IMG_5994-1-1024x768.jpeg\",\"datePublished\":\"2022-06-06T10:00:57+00:00\",\"dateModified\":\"2022-08-08T17:45:36+00:00\",\"breadcrumb\":{\"@id\":\"https:\/\/augredusoleil.com\/index.php\/a-propos\/materiel\/#breadcrumb\"},\"inLanguage\":\"fr-FR\",\"potentialAction\":[{\"@type\":\"ReadAction\",\"target\":[\"https:\/\/augredusoleil.com\/index.php\/a-propos\/materiel\/\"]}]},{\"@type\":\"ImageObject\",\"inLanguage\":\"fr-FR\",\"@id\":\"https:\/\/augredusoleil.com\/index.php\/a-propos\/materiel\/#primaryimage\",\"url\":\"http:\/\/augredusoleil.com\/wp-content\/uploads\/2022\/07\/IMG_5994-1-1024x768.jpeg\",\"contentUrl\":\"http:\/\/augredusoleil.com\/wp-content\/uploads\/2022\/07\/IMG_5994-1-1024x768.jpeg\"},{\"@type\":\"BreadcrumbList\",\"@id\":\"https:\/\/augredusoleil.com\/index.php\/a-propos\/materiel\/#breadcrumb\",\"itemListElement\":[{\"@type\":\"ListItem\",\"position\":1,\"name\":\"Accueil\",\"item\":\"https:\/\/augredusoleil.com\/\"},{\"@type\":\"ListItem\",\"position\":2,\"name\":\"LE PROJET\",\"item\":\"https:\/\/augredusoleil.com\/index.php\/a-propos\/\"},{\"@type\":\"ListItem\",\"position\":3,\"name\":\"LES VELOS\"}]},{\"@type\":\"WebSite\",\"@id\":\"https:\/\/augredusoleil.com\/#website\",\"url\":\"https:\/\/augredusoleil.com\/\",\"name\":\"Au gr\u00e9 du soleil\",\"description\":\"\",\"publisher\":{\"@id\":\"https:\/\/augredusoleil.com\/#organization\"},\"potentialAction\":[{\"@type\":\"SearchAction\",\"target\":{\"@type\":\"EntryPoint\",\"urlTemplate\":\"https:\/\/augredusoleil.com\/?s={search_term_string}\"},\"query-input\":{\"@type\":\"PropertyValueSpecification\",\"valueRequired\":true,\"valueName\":\"search_term_string\"}}],\"inLanguage\":\"fr-FR\"},{\"@type\":\"Organization\",\"@id\":\"https:\/\/augredusoleil.com\/#organization\",\"name\":\"Au gr\u00e9 du soleil\",\"url\":\"https:\/\/augredusoleil.com\/\",\"logo\":{\"@type\":\"ImageObject\",\"inLanguage\":\"fr-FR\",\"@id\":\"https:\/\/augredusoleil.com\/#\/schema\/logo\/image\/\",\"url\":\"https:\/\/augredusoleil.com\/wp-content\/uploads\/2022\/07\/Capture-de\u0301cran-2022-07-31-a\u0300-15.59.58.png\",\"contentUrl\":\"https:\/\/augredusoleil.com\/wp-content\/uploads\/2022\/07\/Capture-de\u0301cran-2022-07-31-a\u0300-15.59.58.png\",\"width\":672,\"height\":672,\"caption\":\"Au gr\u00e9 du soleil\"},\"image\":{\"@id\":\"https:\/\/augredusoleil.com\/#\/schema\/logo\/image\/\"}}]}<\/script>\n<!-- \/ Yoast SEO plugin. -->","yoast_head_json":{"title":"LES VELOS - Au gr\u00e9 du soleil","robots":{"index":"index","follow":"follow","max-snippet":"max-snippet:-1","max-image-preview":"max-image-preview:large","max-video-preview":"max-video-preview:-1"},"canonical":"https:\/\/augredusoleil.com\/index.php\/a-propos\/materiel\/","og_locale":"fr_FR","og_type":"article","og_title":"LES VELOS - Au gr\u00e9 du soleil","og_description":"Notre compagnon de voyage \u00e0 v\u00e9lo a \u00e9t\u00e9, ces derni\u00e8res ann\u00e9es, un tandem Pino Hase. V\u00e9lo que nous adorons car il nous permet de voyager au m\u00eame rythme et de [&hellip;]","og_url":"https:\/\/augredusoleil.com\/index.php\/a-propos\/materiel\/","og_site_name":"Au gr\u00e9 du soleil","article_modified_time":"2022-08-08T17:45:36+00:00","og_image":[{"url":"http:\/\/augredusoleil.com\/wp-content\/uploads\/2022\/07\/IMG_5994-1-1024x768.jpeg"}],"twitter_card":"summary_large_image","twitter_misc":{"Dur\u00e9e de lecture estim\u00e9e":"1 minute"},"schema":{"@context":"https:\/\/schema.org","@graph":[{"@type":"WebPage","@id":"https:\/\/augredusoleil.com\/index.php\/a-propos\/materiel\/","url":"https:\/\/augredusoleil.com\/index.php\/a-propos\/materiel\/","name":"LES VELOS - Au gr\u00e9 du soleil","isPartOf":{"@id":"https:\/\/augredusoleil.com\/#website"},"primaryImageOfPage":{"@id":"https:\/\/augredusoleil.com\/index.php\/a-propos\/materiel\/#primaryimage"},"image":{"@id":"https:\/\/augredusoleil.com\/index.php\/a-propos\/materiel\/#primaryimage"},"thumbnailUrl":"http:\/\/augredusoleil.com\/wp-content\/uploads\/2022\/07\/IMG_5994-1-1024x768.jpeg","datePublished":"2022-06-06T10:00:57+00:00","dateModified":"2022-08-08T17:45:36+00:00","breadcrumb":{"@id":"https:\/\/augredusoleil.com\/index.php\/a-propos\/materiel\/#breadcrumb"},"inLanguage":"fr-FR","potentialAction":[{"@type":"ReadAction","target":["https:\/\/augredusoleil.com\/index.php\/a-propos\/materiel\/"]}]},{"@type":"ImageObject","inLanguage":"fr-FR","@id":"https:\/\/augredusoleil.com\/index.php\/a-propos\/materiel\/#primaryimage","url":"http:\/\/augredusoleil.com\/wp-content\/uploads\/2022\/07\/IMG_5994-1-1024x768.jpeg","contentUrl":"http:\/\/augredusoleil.com\/wp-content\/uploads\/2022\/07\/IMG_5994-1-1024x768.jpeg"},{"@type":"BreadcrumbList","@id":"https:\/\/augredusoleil.com\/index.php\/a-propos\/materiel\/#breadcrumb","itemListElement":[{"@type":"ListItem","position":1,"name":"Accueil","item":"https:\/\/augredusoleil.com\/"},{"@type":"ListItem","position":2,"name":"LE PROJET","item":"https:\/\/augredusoleil.com\/index.php\/a-propos\/"},{"@type":"ListItem","position":3,"name":"LES VELOS"}]},{"@type":"WebSite","@id":"https:\/\/augredusoleil.com\/#website","url":"https:\/\/augredusoleil.com\/","name":"Au gr\u00e9 du soleil","description":"","publisher":{"@id":"https:\/\/augredusoleil.com\/#organization"},"potentialAction":[{"@type":"SearchAction","target":{"@type":"EntryPoint","urlTemplate":"https:\/\/augredusoleil.com\/?s={search_term_string}"},"query-input":{"@type":"PropertyValueSpecification","valueRequired":true,"valueName":"search_term_string"}}],"inLanguage":"fr-FR"},{"@type":"Organization","@id":"https:\/\/augredusoleil.com\/#organization","name":"Au gr\u00e9 du soleil","url":"https:\/\/augredusoleil.com\/","logo":{"@type":"ImageObject","inLanguage":"fr-FR","@id":"https:\/\/augredusoleil.com\/#\/schema\/logo\/image\/","url":"https:\/\/augredusoleil.com\/wp-content\/uploads\/2022\/07\/Capture-de\u0301cran-2022-07-31-a\u0300-15.59.58.png","contentUrl":"https:\/\/augredusoleil.com\/wp-content\/uploads\/2022\/07\/Capture-de\u0301cran-2022-07-31-a\u0300-15.59.58.png","width":672,"height":672,"caption":"Au gr\u00e9 du soleil"},"image":{"@id":"https:\/\/augredusoleil.com\/#\/schema\/logo\/image\/"}}]}},"_links":{"self":[{"href":"https:\/\/augredusoleil.com\/index.php\/wp-json\/wp\/v2\/pages\/23","targetHints":{"allow":["GET"]}}],"collection":[{"href":"https:\/\/augredusoleil.com\/index.php\/wp-json\/wp\/v2\/pages"}],"about":[{"href":"https:\/\/augredusoleil.com\/index.php\/wp-json\/wp\/v2\/types\/page"}],"author":[{"embeddable":true,"href":"https:\/\/augredusoleil.com\/index.php\/wp-json\/wp\/v2\/users\/1"}],"replies":[{"embeddable":true,"href":"https:\/\/augredusoleil.com\/index.php\/wp-json\/wp\/v2\/comments?post=23"}],"version-history":[{"count":47,"href":"https:\/\/augredusoleil.com\/index.php\/wp-json\/wp\/v2\/pages\/23\/revisions"}],"predecessor-version":[{"id":536,"href":"https:\/\/augredusoleil.com\/index.php\/wp-json\/wp\/v2\/pages\/23\/revisions\/536"}],"up":[{"embeddable":true,"href":"https:\/\/augredusoleil.com\/index.php\/wp-json\/wp\/v2\/pages\/532"}],"wp:attachment":[{"href":"https:\/\/augredusoleil.com\/index.php\/wp-json\/wp\/v2\/media?parent=23"}],"curies":[{"name":"wp","href":"https:\/\/api.w.org\/{rel}","templated":true}]}}