{"id":18,"date":"2022-06-06T11:58:35","date_gmt":"2022-06-06T09:58:35","guid":{"rendered":"http:\/\/augredusoleil.com\/?page_id=18"},"modified":"2022-08-08T19:45:18","modified_gmt":"2022-08-08T17:45:18","slug":"itineraire-prevu","status":"publish","type":"page","link":"https:\/\/augredusoleil.com\/index.php\/a-propos\/itineraire-prevu\/","title":{"rendered":"ITINERAIRE"},"content":{"rendered":"\n<p><strong>A VELO AU GR\u00c9 DU SOLEIL&#8230;<\/strong><\/p>\n\n\n\n<p><strong><a href=\"https:\/\/augredusoleil.com\/index.php\/ou-sommes-nous\/\">O\u00f9 sommes-nous ?<\/a><\/strong><\/p>\n\n\n\n<p style=\"font-size:16px\"><\/p>\n\n\n\n<p style=\"font-size:16px\">La destination finale \u00e0 atteindre n&rsquo;est pas d\u00e9finie mais nous avons bien un itin\u00e9raire en t\u00eate, ainsi que quelques endroits que nous r\u00eavons de d\u00e9couvrir \u00e0 v\u00e9lo (Les Rocheuses, Baja California, Cordill\u00e8re Blanche, Triangle des d\u00e9serts andins, &#8230;). <\/p>\n\n\n\n<p style=\"font-size:16px\">Le d\u00e9part se fait de Calgary car nous avons envie de d\u00e9buter par les grands espaces des Rocheuses, pour ensuite  descendre jusqu\u2019au Yellowstone en empruntant, tant que possible, la Great Divide Mountain Bike Road.  Apr\u00e8s cette \u00e9tape, nous nous dirigerons vers la c\u00f4te ouest des USA et la suivrons jusqu&rsquo;\u00e0 San Diego. <\/p>\n\n\n\n<p style=\"font-size:16px\">Ensuite, viendra la d\u00e9couverte du Mexique en parcourant la Baja California, nous continuerons alors la travers\u00e9e de l&rsquo;Am\u00e9rique Centrale en longeant la c\u00f4te pacifique.  <\/p>\n\n\n\n<p style=\"font-size:16px\">L&rsquo;objectif suivant sera l&rsquo;Am\u00e9rique du Sud, mais nous nous laissons encore le temps de d\u00e9cider l&rsquo;itin\u00e9raire dans cette partie, afin de nous adapter aux saisons, \u00e0 nos envies, nos possibilit\u00e9s, etc.<\/p>\n\n\n\n<figure class=\"wp-block-image size-large\"><img loading=\"lazy\" decoding=\"async\" width=\"1024\" height=\"683\" data-src=\"http:\/\/augredusoleil.com\/wp-content\/uploads\/2022\/07\/Part-1-1024x683.jpg\" alt=\"\" class=\"wp-image-414 lazyload\" data-srcset=\"https:\/\/augredusoleil.com\/wp-content\/uploads\/2022\/07\/Part-1-1024x683.jpg 1024w, https:\/\/augredusoleil.com\/wp-content\/uploads\/2022\/07\/Part-1-300x200.jpg 300w, https:\/\/augredusoleil.com\/wp-content\/uploads\/2022\/07\/Part-1-768x512.jpg 768w, https:\/\/augredusoleil.com\/wp-content\/uploads\/2022\/07\/Part-1-1536x1024.jpg 1536w, https:\/\/augredusoleil.com\/wp-content\/uploads\/2022\/07\/Part-1-2048x1365.jpg 2048w\" data-sizes=\"auto, (max-width: 1024px) 100vw, 1024px\" src=\"data:image\/gif;base64,R0lGODlhAQABAAAAACH5BAEKAAEALAAAAAABAAEAAAICTAEAOw==\" style=\"--smush-placeholder-width: 1024px; --smush-placeholder-aspect-ratio: 1024\/683;\" \/><noscript><img loading=\"lazy\" decoding=\"async\" width=\"1024\" height=\"683\" src=\"http:\/\/augredusoleil.com\/wp-content\/uploads\/2022\/07\/Part-1-1024x683.jpg\" alt=\"\" class=\"wp-image-414\" srcset=\"https:\/\/augredusoleil.com\/wp-content\/uploads\/2022\/07\/Part-1-1024x683.jpg 1024w, https:\/\/augredusoleil.com\/wp-content\/uploads\/2022\/07\/Part-1-300x200.jpg 300w, https:\/\/augredusoleil.com\/wp-content\/uploads\/2022\/07\/Part-1-768x512.jpg 768w, https:\/\/augredusoleil.com\/wp-content\/uploads\/2022\/07\/Part-1-1536x1024.jpg 1536w, https:\/\/augredusoleil.com\/wp-content\/uploads\/2022\/07\/Part-1-2048x1365.jpg 2048w\" sizes=\"auto, (max-width: 1024px) 100vw, 1024px\" \/><\/noscript><\/figure>\n\n\n\n<p style=\"font-size:18px\"><\/p>\n\n\n\n<p><\/p>\n\n\n\n<p><\/p>\n","protected":false},"excerpt":{"rendered":"<p>A VELO AU GR\u00c9 DU SOLEIL&#8230; O\u00f9 sommes-nous ? La destination finale \u00e0 atteindre n&rsquo;est pas d\u00e9finie mais nous avons bien un itin\u00e9raire en t\u00eate, ainsi que quelques endroits que [&hellip;]<\/p>\n","protected":false},"author":3,"featured_media":0,"parent":532,"menu_order":1,"comment_status":"closed","ping_status":"closed","template":"","meta":{"footnotes":""},"class_list":["post-18","page","type-page","status-publish","hentry"],"yoast_head":"<!-- This site is optimized with the Yoast SEO plugin v23.6 - https:\/\/yoast.com\/wordpress\/plugins\/seo\/ -->\n<title>ITINERAIRE - Au gr\u00e9 du soleil<\/title>\n<meta name=\"robots\" content=\"index, follow, max-snippet:-1, max-image-preview:large, max-video-preview:-1\" \/>\n<link rel=\"canonical\" href=\"https:\/\/augredusoleil.com\/index.php\/a-propos\/itineraire-prevu\/\" \/>\n<meta property=\"og:locale\" content=\"fr_FR\" \/>\n<meta property=\"og:type\" content=\"article\" \/>\n<meta property=\"og:title\" content=\"ITINERAIRE - Au gr\u00e9 du soleil\" \/>\n<meta property=\"og:description\" content=\"A VELO AU GR\u00c9 DU SOLEIL&#8230; O\u00f9 sommes-nous ? La destination finale \u00e0 atteindre n&rsquo;est pas d\u00e9finie mais nous avons bien un itin\u00e9raire en t\u00eate, ainsi que quelques endroits que [&hellip;]\" \/>\n<meta property=\"og:url\" content=\"https:\/\/augredusoleil.com\/index.php\/a-propos\/itineraire-prevu\/\" \/>\n<meta property=\"og:site_name\" content=\"Au gr\u00e9 du soleil\" \/>\n<meta property=\"article:modified_time\" content=\"2022-08-08T17:45:18+00:00\" \/>\n<meta property=\"og:image\" content=\"http:\/\/augredusoleil.com\/wp-content\/uploads\/2022\/07\/Part-1-1024x683.jpg\" \/>\n<meta name=\"twitter:card\" content=\"summary_large_image\" \/>\n<meta name=\"twitter:label1\" content=\"Dur\u00e9e de lecture estim\u00e9e\" \/>\n\t<meta name=\"twitter:data1\" content=\"1 minute\" \/>\n<script type=\"application\/ld+json\" class=\"yoast-schema-graph\">{\"@context\":\"https:\/\/schema.org\",\"@graph\":[{\"@type\":\"WebPage\",\"@id\":\"https:\/\/augredusoleil.com\/index.php\/a-propos\/itineraire-prevu\/\",\"url\":\"https:\/\/augredusoleil.com\/index.php\/a-propos\/itineraire-prevu\/\",\"name\":\"ITINERAIRE - Au gr\u00e9 du soleil\",\"isPartOf\":{\"@id\":\"https:\/\/augredusoleil.com\/#website\"},\"primaryImageOfPage\":{\"@id\":\"https:\/\/augredusoleil.com\/index.php\/a-propos\/itineraire-prevu\/#primaryimage\"},\"image\":{\"@id\":\"https:\/\/augredusoleil.com\/index.php\/a-propos\/itineraire-prevu\/#primaryimage\"},\"thumbnailUrl\":\"http:\/\/augredusoleil.com\/wp-content\/uploads\/2022\/07\/Part-1-1024x683.jpg\",\"datePublished\":\"2022-06-06T09:58:35+00:00\",\"dateModified\":\"2022-08-08T17:45:18+00:00\",\"breadcrumb\":{\"@id\":\"https:\/\/augredusoleil.com\/index.php\/a-propos\/itineraire-prevu\/#breadcrumb\"},\"inLanguage\":\"fr-FR\",\"potentialAction\":[{\"@type\":\"ReadAction\",\"target\":[\"https:\/\/augredusoleil.com\/index.php\/a-propos\/itineraire-prevu\/\"]}]},{\"@type\":\"ImageObject\",\"inLanguage\":\"fr-FR\",\"@id\":\"https:\/\/augredusoleil.com\/index.php\/a-propos\/itineraire-prevu\/#primaryimage\",\"url\":\"https:\/\/augredusoleil.com\/wp-content\/uploads\/2022\/07\/Part-1.jpg\",\"contentUrl\":\"https:\/\/augredusoleil.com\/wp-content\/uploads\/2022\/07\/Part-1.jpg\",\"width\":2196,\"height\":1464},{\"@type\":\"BreadcrumbList\",\"@id\":\"https:\/\/augredusoleil.com\/index.php\/a-propos\/itineraire-prevu\/#breadcrumb\",\"itemListElement\":[{\"@type\":\"ListItem\",\"position\":1,\"name\":\"Accueil\",\"item\":\"https:\/\/augredusoleil.com\/\"},{\"@type\":\"ListItem\",\"position\":2,\"name\":\"LE PROJET\",\"item\":\"https:\/\/augredusoleil.com\/index.php\/a-propos\/\"},{\"@type\":\"ListItem\",\"position\":3,\"name\":\"ITINERAIRE\"}]},{\"@type\":\"WebSite\",\"@id\":\"https:\/\/augredusoleil.com\/#website\",\"url\":\"https:\/\/augredusoleil.com\/\",\"name\":\"Au gr\u00e9 du soleil\",\"description\":\"\",\"publisher\":{\"@id\":\"https:\/\/augredusoleil.com\/#organization\"},\"potentialAction\":[{\"@type\":\"SearchAction\",\"target\":{\"@type\":\"EntryPoint\",\"urlTemplate\":\"https:\/\/augredusoleil.com\/?s={search_term_string}\"},\"query-input\":{\"@type\":\"PropertyValueSpecification\",\"valueRequired\":true,\"valueName\":\"search_term_string\"}}],\"inLanguage\":\"fr-FR\"},{\"@type\":\"Organization\",\"@id\":\"https:\/\/augredusoleil.com\/#organization\",\"name\":\"Au gr\u00e9 du soleil\",\"url\":\"https:\/\/augredusoleil.com\/\",\"logo\":{\"@type\":\"ImageObject\",\"inLanguage\":\"fr-FR\",\"@id\":\"https:\/\/augredusoleil.com\/#\/schema\/logo\/image\/\",\"url\":\"https:\/\/augredusoleil.com\/wp-content\/uploads\/2022\/07\/Capture-de\u0301cran-2022-07-31-a\u0300-15.59.58.png\",\"contentUrl\":\"https:\/\/augredusoleil.com\/wp-content\/uploads\/2022\/07\/Capture-de\u0301cran-2022-07-31-a\u0300-15.59.58.png\",\"width\":672,\"height\":672,\"caption\":\"Au gr\u00e9 du soleil\"},\"image\":{\"@id\":\"https:\/\/augredusoleil.com\/#\/schema\/logo\/image\/\"}}]}<\/script>\n<!-- \/ Yoast SEO plugin. -->","yoast_head_json":{"title":"ITINERAIRE - Au gr\u00e9 du soleil","robots":{"index":"index","follow":"follow","max-snippet":"max-snippet:-1","max-image-preview":"max-image-preview:large","max-video-preview":"max-video-preview:-1"},"canonical":"https:\/\/augredusoleil.com\/index.php\/a-propos\/itineraire-prevu\/","og_locale":"fr_FR","og_type":"article","og_title":"ITINERAIRE - Au gr\u00e9 du soleil","og_description":"A VELO AU GR\u00c9 DU SOLEIL&#8230; O\u00f9 sommes-nous ? La destination finale \u00e0 atteindre n&rsquo;est pas d\u00e9finie mais nous avons bien un itin\u00e9raire en t\u00eate, ainsi que quelques endroits que [&hellip;]","og_url":"https:\/\/augredusoleil.com\/index.php\/a-propos\/itineraire-prevu\/","og_site_name":"Au gr\u00e9 du soleil","article_modified_time":"2022-08-08T17:45:18+00:00","og_image":[{"url":"http:\/\/augredusoleil.com\/wp-content\/uploads\/2022\/07\/Part-1-1024x683.jpg"}],"twitter_card":"summary_large_image","twitter_misc":{"Dur\u00e9e de lecture estim\u00e9e":"1 minute"},"schema":{"@context":"https:\/\/schema.org","@graph":[{"@type":"WebPage","@id":"https:\/\/augredusoleil.com\/index.php\/a-propos\/itineraire-prevu\/","url":"https:\/\/augredusoleil.com\/index.php\/a-propos\/itineraire-prevu\/","name":"ITINERAIRE - Au gr\u00e9 du soleil","isPartOf":{"@id":"https:\/\/augredusoleil.com\/#website"},"primaryImageOfPage":{"@id":"https:\/\/augredusoleil.com\/index.php\/a-propos\/itineraire-prevu\/#primaryimage"},"image":{"@id":"https:\/\/augredusoleil.com\/index.php\/a-propos\/itineraire-prevu\/#primaryimage"},"thumbnailUrl":"http:\/\/augredusoleil.com\/wp-content\/uploads\/2022\/07\/Part-1-1024x683.jpg","datePublished":"2022-06-06T09:58:35+00:00","dateModified":"2022-08-08T17:45:18+00:00","breadcrumb":{"@id":"https:\/\/augredusoleil.com\/index.php\/a-propos\/itineraire-prevu\/#breadcrumb"},"inLanguage":"fr-FR","potentialAction":[{"@type":"ReadAction","target":["https:\/\/augredusoleil.com\/index.php\/a-propos\/itineraire-prevu\/"]}]},{"@type":"ImageObject","inLanguage":"fr-FR","@id":"https:\/\/augredusoleil.com\/index.php\/a-propos\/itineraire-prevu\/#primaryimage","url":"https:\/\/augredusoleil.com\/wp-content\/uploads\/2022\/07\/Part-1.jpg","contentUrl":"https:\/\/augredusoleil.com\/wp-content\/uploads\/2022\/07\/Part-1.jpg","width":2196,"height":1464},{"@type":"BreadcrumbList","@id":"https:\/\/augredusoleil.com\/index.php\/a-propos\/itineraire-prevu\/#breadcrumb","itemListElement":[{"@type":"ListItem","position":1,"name":"Accueil","item":"https:\/\/augredusoleil.com\/"},{"@type":"ListItem","position":2,"name":"LE PROJET","item":"https:\/\/augredusoleil.com\/index.php\/a-propos\/"},{"@type":"ListItem","position":3,"name":"ITINERAIRE"}]},{"@type":"WebSite","@id":"https:\/\/augredusoleil.com\/#website","url":"https:\/\/augredusoleil.com\/","name":"Au gr\u00e9 du soleil","description":"","publisher":{"@id":"https:\/\/augredusoleil.com\/#organization"},"potentialAction":[{"@type":"SearchAction","target":{"@type":"EntryPoint","urlTemplate":"https:\/\/augredusoleil.com\/?s={search_term_string}"},"query-input":{"@type":"PropertyValueSpecification","valueRequired":true,"valueName":"search_term_string"}}],"inLanguage":"fr-FR"},{"@type":"Organization","@id":"https:\/\/augredusoleil.com\/#organization","name":"Au gr\u00e9 du soleil","url":"https:\/\/augredusoleil.com\/","logo":{"@type":"ImageObject","inLanguage":"fr-FR","@id":"https:\/\/augredusoleil.com\/#\/schema\/logo\/image\/","url":"https:\/\/augredusoleil.com\/wp-content\/uploads\/2022\/07\/Capture-de\u0301cran-2022-07-31-a\u0300-15.59.58.png","contentUrl":"https:\/\/augredusoleil.com\/wp-content\/uploads\/2022\/07\/Capture-de\u0301cran-2022-07-31-a\u0300-15.59.58.png","width":672,"height":672,"caption":"Au gr\u00e9 du soleil"},"image":{"@id":"https:\/\/augredusoleil.com\/#\/schema\/logo\/image\/"}}]}},"_links":{"self":[{"href":"https:\/\/augredusoleil.com\/index.php\/wp-json\/wp\/v2\/pages\/18","targetHints":{"allow":["GET"]}}],"collection":[{"href":"https:\/\/augredusoleil.com\/index.php\/wp-json\/wp\/v2\/pages"}],"about":[{"href":"https:\/\/augredusoleil.com\/index.php\/wp-json\/wp\/v2\/types\/page"}],"author":[{"embeddable":true,"href":"https:\/\/augredusoleil.com\/index.php\/wp-json\/wp\/v2\/users\/3"}],"replies":[{"embeddable":true,"href":"https:\/\/augredusoleil.com\/index.php\/wp-json\/wp\/v2\/comments?post=18"}],"version-history":[{"count":35,"href":"https:\/\/augredusoleil.com\/index.php\/wp-json\/wp\/v2\/pages\/18\/revisions"}],"predecessor-version":[{"id":619,"href":"https:\/\/augredusoleil.com\/index.php\/wp-json\/wp\/v2\/pages\/18\/revisions\/619"}],"up":[{"embeddable":true,"href":"https:\/\/augredusoleil.com\/index.php\/wp-json\/wp\/v2\/pages\/532"}],"wp:attachment":[{"href":"https:\/\/augredusoleil.com\/index.php\/wp-json\/wp\/v2\/media?parent=18"}],"curies":[{"name":"wp","href":"https:\/\/api.w.org\/{rel}","templated":true}]}}